{"id":8519,"date":"2021-08-27T16:39:57","date_gmt":"2021-08-27T14:39:57","guid":{"rendered":"https:\/\/zonin-corporate.dev.pixelview.it\/homepage\/"},"modified":"2021-12-23T12:32:10","modified_gmt":"2021-12-23T11:32:10","slug":"homepage","status":"publish","type":"page","link":"https:\/\/zonin-corporate.dev.pixelview.it\/zh-hans\/","title":{"rendered":"Homepage"},"content":{"rendered":"","protected":false},"excerpt":{"rendered":"","protected":false},"author":1,"featured_media":0,"parent":0,"menu_order":0,"comment_status":"closed","ping_status":"closed","template":"controllers\/page-homepage.php","meta":[],"acf":{"ic_background_image":{"ID":3740,"id":3740,"title":"headquarter","filename":"headquarter.jpg","filesize":1702614,"url":"https:\/\/zonin-corporate.dev.pixelview.it\/app\/uploads\/2021\/09\/headquarter.jpg","link":"https:\/\/zonin-corporate.dev.pixelview.it\/zh-hans\/homepage\/headquarter\/","alt":"","author":"2","description":"","caption":"","name":"headquarter","status":"inherit","uploaded_to":5,"date":"2021-09-14 12:23:47","modified":"2021-09-14 12:23:47","menu_order":0,"mime_type":"image\/jpeg","type":"image","subtype":"jpeg","icon":"https:\/\/zonin-corporate.dev.pixelview.it\/wp\/wp-includes\/images\/media\/default.png","width":1920,"height":1200,"sizes":{"thumbnail":"https:\/\/zonin-corporate.dev.pixelview.it\/app\/uploads\/2021\/09\/headquarter-150x150.jpg","thumbnail-width":150,"thumbnail-height":150,"medium":"https:\/\/zonin-corporate.dev.pixelview.it\/app\/uploads\/2021\/09\/headquarter-300x188.jpg","medium-width":300,"medium-height":188,"medium_large":"https:\/\/zonin-corporate.dev.pixelview.it\/app\/uploads\/2021\/09\/headquarter-768x480.jpg","medium_large-width":768,"medium_large-height":480,"large":"https:\/\/zonin-corporate.dev.pixelview.it\/app\/uploads\/2021\/09\/headquarter-1024x640.jpg","large-width":1024,"large-height":640,"1536x1536":"https:\/\/zonin-corporate.dev.pixelview.it\/app\/uploads\/2021\/09\/headquarter-1536x960.jpg","1536x1536-width":1536,"1536x1536-height":960,"2048x2048":"https:\/\/zonin-corporate.dev.pixelview.it\/app\/uploads\/2021\/09\/headquarter.jpg","2048x2048-width":1920,"2048x2048-height":1200}},"ic_small_text":"GAMBELLARA, VENETO","ic_label_cta":"Scopri la nostra sede","ic_link_cta":"https:\/\/zonin-corporate.dev.pixelview.it\/headquarter-gambellara\/","featured_products":[275,382,18,111,238,532,220],"slideshow_titolo":"<p><em>Conservazione<\/em>, la nostra passione, il nostro scopo.<\/p>\n","slideshow_slides":[{"image":{"ID":6932,"id":6932,"title":"biodiversita","filename":"biodiversita.jpg","filesize":2349542,"url":"https:\/\/zonin-corporate.dev.pixelview.it\/app\/uploads\/2021\/09\/biodiversita.jpg","link":"https:\/\/zonin-corporate.dev.pixelview.it\/zh-hans\/homepage\/biodiversita\/","alt":"","author":"1","description":"","caption":"","name":"biodiversita","status":"inherit","uploaded_to":5,"date":"2021-09-21 13:12:00","modified":"2021-09-21 13:12:00","menu_order":0,"mime_type":"image\/jpeg","type":"image","subtype":"jpeg","icon":"https:\/\/zonin-corporate.dev.pixelview.it\/wp\/wp-includes\/images\/media\/default.png","width":1920,"height":1200,"sizes":{"thumbnail":"https:\/\/zonin-corporate.dev.pixelview.it\/app\/uploads\/2021\/09\/biodiversita-150x150.jpg","thumbnail-width":150,"thumbnail-height":150,"medium":"https:\/\/zonin-corporate.dev.pixelview.it\/app\/uploads\/2021\/09\/biodiversita-300x188.jpg","medium-width":300,"medium-height":188,"medium_large":"https:\/\/zonin-corporate.dev.pixelview.it\/app\/uploads\/2021\/09\/biodiversita-768x480.jpg","medium_large-width":768,"medium_large-height":480,"large":"https:\/\/zonin-corporate.dev.pixelview.it\/app\/uploads\/2021\/09\/biodiversita-1024x640.jpg","large-width":1024,"large-height":640,"1536x1536":"https:\/\/zonin-corporate.dev.pixelview.it\/app\/uploads\/2021\/09\/biodiversita-1536x960.jpg","1536x1536-width":1536,"1536x1536-height":960,"2048x2048":"https:\/\/zonin-corporate.dev.pixelview.it\/app\/uploads\/2021\/09\/biodiversita.jpg","2048x2048-width":1920,"2048x2048-height":1200}},"title":"Biodiversit\u00e0","text":"Tuteliamo la biodiversit\u00e0 attraverso progetti di rimboschimento e mantenimento della flora e della fauna locale per lasciare inalterata la naturale bellezza dei luoghi."},{"image":{"ID":6934,"id":6934,"title":"Energia","filename":"Energia.jpg","filesize":2041899,"url":"https:\/\/zonin-corporate.dev.pixelview.it\/app\/uploads\/2021\/09\/Energia.jpg","link":"https:\/\/zonin-corporate.dev.pixelview.it\/zh-hans\/homepage\/energia\/","alt":"","author":"1","description":"","caption":"","name":"energia","status":"inherit","uploaded_to":5,"date":"2021-09-21 13:12:09","modified":"2021-09-21 13:12:09","menu_order":0,"mime_type":"image\/jpeg","type":"image","subtype":"jpeg","icon":"https:\/\/zonin-corporate.dev.pixelview.it\/wp\/wp-includes\/images\/media\/default.png","width":1920,"height":1200,"sizes":{"thumbnail":"https:\/\/zonin-corporate.dev.pixelview.it\/app\/uploads\/2021\/09\/Energia-150x150.jpg","thumbnail-width":150,"thumbnail-height":150,"medium":"https:\/\/zonin-corporate.dev.pixelview.it\/app\/uploads\/2021\/09\/Energia-300x188.jpg","medium-width":300,"medium-height":188,"medium_large":"https:\/\/zonin-corporate.dev.pixelview.it\/app\/uploads\/2021\/09\/Energia-768x480.jpg","medium_large-width":768,"medium_large-height":480,"large":"https:\/\/zonin-corporate.dev.pixelview.it\/app\/uploads\/2021\/09\/Energia-1024x640.jpg","large-width":1024,"large-height":640,"1536x1536":"https:\/\/zonin-corporate.dev.pixelview.it\/app\/uploads\/2021\/09\/Energia-1536x960.jpg","1536x1536-width":1536,"1536x1536-height":960,"2048x2048":"https:\/\/zonin-corporate.dev.pixelview.it\/app\/uploads\/2021\/09\/Energia.jpg","2048x2048-width":1920,"2048x2048-height":1200}},"title":"Energia","text":"Puntiamo alla completa autosufficienza ricorrendo al fotovoltaico, tutelando il contesto paesaggistico in cui i pannelli vengono collocati per ridurre al massimo il loro impatto visivo."},{"image":{"ID":6936,"id":6936,"title":"Impatto in viticultura","filename":"Impatto-in-viticultura.jpg","filesize":2398546,"url":"https:\/\/zonin-corporate.dev.pixelview.it\/app\/uploads\/2021\/09\/Impatto-in-viticultura.jpg","link":"https:\/\/zonin-corporate.dev.pixelview.it\/zh-hans\/homepage\/impatto-in-viticultura\/","alt":"","author":"1","description":"","caption":"","name":"impatto-in-viticultura","status":"inherit","uploaded_to":5,"date":"2021-09-21 13:12:21","modified":"2021-09-21 13:12:21","menu_order":0,"mime_type":"image\/jpeg","type":"image","subtype":"jpeg","icon":"https:\/\/zonin-corporate.dev.pixelview.it\/wp\/wp-includes\/images\/media\/default.png","width":1920,"height":1200,"sizes":{"thumbnail":"https:\/\/zonin-corporate.dev.pixelview.it\/app\/uploads\/2021\/09\/Impatto-in-viticultura-150x150.jpg","thumbnail-width":150,"thumbnail-height":150,"medium":"https:\/\/zonin-corporate.dev.pixelview.it\/app\/uploads\/2021\/09\/Impatto-in-viticultura-300x188.jpg","medium-width":300,"medium-height":188,"medium_large":"https:\/\/zonin-corporate.dev.pixelview.it\/app\/uploads\/2021\/09\/Impatto-in-viticultura-768x480.jpg","medium_large-width":768,"medium_large-height":480,"large":"https:\/\/zonin-corporate.dev.pixelview.it\/app\/uploads\/2021\/09\/Impatto-in-viticultura-1024x640.jpg","large-width":1024,"large-height":640,"1536x1536":"https:\/\/zonin-corporate.dev.pixelview.it\/app\/uploads\/2021\/09\/Impatto-in-viticultura-1536x960.jpg","1536x1536-width":1536,"1536x1536-height":960,"2048x2048":"https:\/\/zonin-corporate.dev.pixelview.it\/app\/uploads\/2021\/09\/Impatto-in-viticultura.jpg","2048x2048-width":1920,"2048x2048-height":1200}},"title":"Impatto in viticultura","text":"Limitando al massimo gli erbicidi preservando la vita nel suolo e abbiamo scelto di reintrodurre la tradizionale tecnica della concimazione naturale per apportare al suolo quegli elementi di cui la vite si nutre."},{"image":{"ID":6938,"id":6938,"title":"Risorse-Idriche","filename":"Risorse-Idriche.jpg","filesize":2943817,"url":"https:\/\/zonin-corporate.dev.pixelview.it\/app\/uploads\/2021\/09\/Risorse-Idriche.jpg","link":"https:\/\/zonin-corporate.dev.pixelview.it\/zh-hans\/homepage\/risorse-idriche\/","alt":"","author":"1","description":"","caption":"","name":"risorse-idriche","status":"inherit","uploaded_to":5,"date":"2021-09-21 13:12:34","modified":"2021-09-21 13:12:34","menu_order":0,"mime_type":"image\/jpeg","type":"image","subtype":"jpeg","icon":"https:\/\/zonin-corporate.dev.pixelview.it\/wp\/wp-includes\/images\/media\/default.png","width":1920,"height":1200,"sizes":{"thumbnail":"https:\/\/zonin-corporate.dev.pixelview.it\/app\/uploads\/2021\/09\/Risorse-Idriche-150x150.jpg","thumbnail-width":150,"thumbnail-height":150,"medium":"https:\/\/zonin-corporate.dev.pixelview.it\/app\/uploads\/2021\/09\/Risorse-Idriche-300x188.jpg","medium-width":300,"medium-height":188,"medium_large":"https:\/\/zonin-corporate.dev.pixelview.it\/app\/uploads\/2021\/09\/Risorse-Idriche-768x480.jpg","medium_large-width":768,"medium_large-height":480,"large":"https:\/\/zonin-corporate.dev.pixelview.it\/app\/uploads\/2021\/09\/Risorse-Idriche-1024x640.jpg","large-width":1024,"large-height":640,"1536x1536":"https:\/\/zonin-corporate.dev.pixelview.it\/app\/uploads\/2021\/09\/Risorse-Idriche-1536x960.jpg","1536x1536-width":1536,"1536x1536-height":960,"2048x2048":"https:\/\/zonin-corporate.dev.pixelview.it\/app\/uploads\/2021\/09\/Risorse-Idriche.jpg","2048x2048-width":1920,"2048x2048-height":1200}},"title":"Risorse idriche","text":"Utilizziamo tecnologie e processi che ci consentono di razionalizzare l'irrigazione dei vigneti e prevenire le malattie della vite e abbiamo creato laghi artificiali per raccogliere le acque piovane senza intaccare le falde."}],"slideshow_link":"https:\/\/zonin-corporate.dev.pixelview.it\/sustainability\/","slideshow_label":"Scopri di pi\u00f9","slideshow_testo":"","carousel_tenute_title":"Ci impegniamo a <em>preservare<\/em> i legami tra i territori e le loro culture","carousel_tenute_text":"Da 200 anni puntiamo sulla valorizzazione di vigneti autoctoni investendo nei luoghi a pi\u00f9 alta vocazione vitivinicola, in Italia e nel mondo.","tifb_pretitle":"L\u2019inizio di un\u2019eredit\u00e0","tifb_title":"Una <em>storia<\/em> iniziata nel 1821 che coinvolge sette generazioni legate alla viticoltura.","tifb_blocks":[{"number":"200 anni","title":"Settima generazione in 200 anni di storia","text":""},{"number":"9 tenute","title":"4000 ettari di cui circa 2000 vitati","text":""},{"number":"190 milioni di Euro","title":"fatturati nel 2020","text":""},{"number":"85% export","title":"in oltre 140 paesi nel mondo","text":""}],"tifb_label":"Chi siamo","tifb_link":"https:\/\/zonin-corporate.dev.pixelview.it\/about\/","text_image_cta_image":{"ID":7383,"id":7383,"title":"community-background","filename":"community-background.jpg","filesize":103399,"url":"https:\/\/zonin-corporate.dev.pixelview.it\/app\/uploads\/2021\/09\/community-background.jpg","link":"https:\/\/zonin-corporate.dev.pixelview.it\/zh-hans\/homepage\/community-background\/","alt":"","author":"1","description":"","caption":"","name":"community-background","status":"inherit","uploaded_to":5,"date":"2021-09-29 12:52:38","modified":"2021-09-29 12:52:38","menu_order":0,"mime_type":"image\/jpeg","type":"image","subtype":"jpeg","icon":"https:\/\/zonin-corporate.dev.pixelview.it\/wp\/wp-includes\/images\/media\/default.png","width":648,"height":862,"sizes":{"thumbnail":"https:\/\/zonin-corporate.dev.pixelview.it\/app\/uploads\/2021\/09\/community-background-150x150.jpg","thumbnail-width":150,"thumbnail-height":150,"medium":"https:\/\/zonin-corporate.dev.pixelview.it\/app\/uploads\/2021\/09\/community-background-226x300.jpg","medium-width":226,"medium-height":300,"medium_large":"https:\/\/zonin-corporate.dev.pixelview.it\/app\/uploads\/2021\/09\/community-background.jpg","medium_large-width":648,"medium_large-height":862,"large":"https:\/\/zonin-corporate.dev.pixelview.it\/app\/uploads\/2021\/09\/community-background.jpg","large-width":648,"large-height":862,"1536x1536":"https:\/\/zonin-corporate.dev.pixelview.it\/app\/uploads\/2021\/09\/community-background.jpg","1536x1536-width":648,"1536x1536-height":862,"2048x2048":"https:\/\/zonin-corporate.dev.pixelview.it\/app\/uploads\/2021\/09\/community-background.jpg","2048x2048-width":648,"2048x2048-height":862}},"text_image_cta_pretitle":"Persone","text_image_cta_title":"Un successo collettivo","text_image_cta_text":"Il successo di Zonin 1821 si basa sulla forza e sulla visione di <em>comunit\u00e0<\/em> diverse, appassionate di vino, unite da un profondo rispetto per le <em>tradizioni<\/em> e i luoghi in cui lavorano e crescono.","text_image_cta_link":"https:\/\/zonin-corporate.dev.pixelview.it\/people\/","text_image_cta_label":"Scopri di pi\u00f9","tifb_text":"<p>\u00c8 stato l&#8217;inizio di un&#8217;eredit\u00e0 che si \u00e8 sviluppata nel corso di decenni e di un marchio radicato nello stesso spirito innovativo e nei valori familiari, in un legame quotidiano con il territorio e le sue tradizioni.<\/p>\n<p>ZONIN1821 distribuisce e commercializza vini e spumanti pregiati, si dedica alla conservazione e all\u2019ecoturismo offrendo agli ospiti eccezionali esperienze.<\/p>\n<p>Oggi \u00e8 una delle pi\u00f9 importanti aziende vinicole private italiane ed una delle prime in ambito internazionale.<\/p>\n<p>L&#8217;azienda \u00e8 guidata da un rinnovato management esterno capitanato da Pietro Mattioni, CEO.<\/p>\n","tifb_image":{"ID":8390,"id":8390,"title":"FAMIGLIA-ZONIN-HOME-min (1)","filename":"FAMIGLIA-ZONIN-HOME-min-1.jpg","filesize":166559,"url":"https:\/\/zonin-corporate.dev.pixelview.it\/app\/uploads\/2021\/10\/FAMIGLIA-ZONIN-HOME-min-1.jpg","link":"https:\/\/zonin-corporate.dev.pixelview.it\/zh-hans\/homepage\/famiglia-zonin-home-min-1\/","alt":"","author":"2","description":"","caption":"Da sinistra a destra: Francesco Zonin (Vice Presidente), Michele Zonin (Vice Presidente), Domenico Zonin (Presidente) e Pietro Mattioni (CEO).","name":"famiglia-zonin-home-min-1","status":"inherit","uploaded_to":5,"date":"2021-10-07 16:26:52","modified":"2021-10-07 16:31:17","menu_order":0,"mime_type":"image\/jpeg","type":"image","subtype":"jpeg","icon":"https:\/\/zonin-corporate.dev.pixelview.it\/wp\/wp-includes\/images\/media\/default.png","width":1920,"height":1200,"sizes":{"thumbnail":"https:\/\/zonin-corporate.dev.pixelview.it\/app\/uploads\/2021\/10\/FAMIGLIA-ZONIN-HOME-min-1-150x150.jpg","thumbnail-width":150,"thumbnail-height":150,"medium":"https:\/\/zonin-corporate.dev.pixelview.it\/app\/uploads\/2021\/10\/FAMIGLIA-ZONIN-HOME-min-1-300x188.jpg","medium-width":300,"medium-height":188,"medium_large":"https:\/\/zonin-corporate.dev.pixelview.it\/app\/uploads\/2021\/10\/FAMIGLIA-ZONIN-HOME-min-1-768x480.jpg","medium_large-width":768,"medium_large-height":480,"large":"https:\/\/zonin-corporate.dev.pixelview.it\/app\/uploads\/2021\/10\/FAMIGLIA-ZONIN-HOME-min-1-1024x640.jpg","large-width":1024,"large-height":640,"1536x1536":"https:\/\/zonin-corporate.dev.pixelview.it\/app\/uploads\/2021\/10\/FAMIGLIA-ZONIN-HOME-min-1-1536x960.jpg","1536x1536-width":1536,"1536x1536-height":960,"2048x2048":"https:\/\/zonin-corporate.dev.pixelview.it\/app\/uploads\/2021\/10\/FAMIGLIA-ZONIN-HOME-min-1.jpg","2048x2048-width":1920,"2048x2048-height":1200}},"hero_home_title":"ZONIN 1821","hero_home_text":"#ZONIN200YEARS","post_details_subtitle":"","post_details_image":false,"mostra_logo_footer":"1"},"featured":false,"_links":{"self":[{"href":"https:\/\/zonin-corporate.dev.pixelview.it\/zh-hans\/wp-json\/wp\/v2\/pages\/8519"}],"collection":[{"href":"https:\/\/zonin-corporate.dev.pixelview.it\/zh-hans\/wp-json\/wp\/v2\/pages"}],"about":[{"href":"https:\/\/zonin-corporate.dev.pixelview.it\/zh-hans\/wp-json\/wp\/v2\/types\/page"}],"author":[{"embeddable":true,"href":"https:\/\/zonin-corporate.dev.pixelview.it\/zh-hans\/wp-json\/wp\/v2\/users\/1"}],"replies":[{"embeddable":true,"href":"https:\/\/zonin-corporate.dev.pixelview.it\/zh-hans\/wp-json\/wp\/v2\/comments?post=8519"}],"version-history":[{"count":1,"href":"https:\/\/zonin-corporate.dev.pixelview.it\/zh-hans\/wp-json\/wp\/v2\/pages\/8519\/revisions"}],"predecessor-version":[{"id":8576,"href":"https:\/\/zonin-corporate.dev.pixelview.it\/zh-hans\/wp-json\/wp\/v2\/pages\/8519\/revisions\/8576"}],"wp:attachment":[{"href":"https:\/\/zonin-corporate.dev.pixelview.it\/zh-hans\/wp-json\/wp\/v2\/media?parent=8519"}],"curies":[{"name":"wp","href":"https:\/\/api.w.org\/{rel}","templated":true}]}}